{"id":96,"date":"2012-06-26T13:56:33","date_gmt":"2012-06-26T11:56:33","guid":{"rendered":"https:\/\/cinema.family-steiner.com\/?page_id=96"},"modified":"2019-06-24T15:13:49","modified_gmt":"2019-06-24T13:13:49","slug":"keinohrhasen","status":"publish","type":"page","link":"https:\/\/cinema.family-steiner.com\/?page_id=96","title":{"rendered":"Keinohrhasen (2008)"},"content":{"rendered":"<p style=\"text-align: center;\">Til Schweigers dritte Regiearbeit kn\u00fcpft nahtlos an die Tradition der deutschen, romantischen Kom\u00f6die der 1990er Jahre an. Die leider allzu vorhersehbare Screwball-Comedy kommt in flottem Tempo daher und beschw\u00f6rt mit Hilfe g\u00e4ngiger Geschlechterstereotypen und viel flegelhaftem Humor ganz altmodisch den Glauben an den Sinn der Paarbeziehung.<\/p>\n<p style=\"text-align: center;\"><a href=\"https:\/\/cinema.family-steiner.com\/wp-content\/uploads\/2012\/06\/KeinohrhasenPoster-01.jpg\"><img loading=\"lazy\" decoding=\"async\" class=\"alignleft size-full wp-image-186\" title=\"KeinohrhasenPoster-01\" src=\"https:\/\/cinema.family-steiner.com\/wp-content\/uploads\/2012\/06\/KeinohrhasenPoster-01.jpg\" alt=\"\" width=\"534\" height=\"750\" srcset=\"https:\/\/cinema.family-steiner.com\/wp-content\/uploads\/2012\/06\/KeinohrhasenPoster-01.jpg 534w, https:\/\/cinema.family-steiner.com\/wp-content\/uploads\/2012\/06\/KeinohrhasenPoster-01-213x300.jpg 213w\" sizes=\"(max-width: 534px) 100vw, 534px\" \/><\/a><\/p>\n<p style=\"text-align: center;\">\n<p style=\"text-align: center;\">\n<p style=\"text-align: center;\">\n<p style=\"text-align: center;\">\n<p style=\"text-align: center;\">\n<p style=\"text-align: center;\">\n<p style=\"text-align: center;\">\n<p style=\"text-align: center;\">\n<p style=\"text-align: center;\">\n<p style=\"text-align: center;\">\n<p style=\"text-align: center;\">\n<p style=\"text-align: center;\">\n<p style=\"text-align: center;\">\n<p style=\"text-align: center;\">\n<p style=\"text-align: center;\">\n<p style=\"text-align: center;\">\n<p style=\"text-align: center;\">Ludo (Til Schweiger), seines Zeichens Klatschreporter und Schweren\u00f6ter, treibt es gerne bunt. W\u00e4hrend er sich in der Freizeit vor allem mit One-Night-Stands bei Laune h\u00e4lt, jagt er in seinem Berufsleben mit Paparazzo und Kollege Moritz (Matthias Schweigh\u00f6fer) r\u00fccksichtslos den Stars und Sternchen nach. Um an eine gute Story zu kommen, ist ihm jedes Mittel recht.<br \/>\nDa ist es nicht verwunderlich, dass er eines Tages nach einem seiner illegalen Man\u00f6ver vor der Richterin landet, die ihm prompt 300 soziale Stunden in einem Kinderhort aufbrummt. Pech f\u00fcr Ludo, dass er seine dortige Chefin Anna (Nora Tschirner) in der Kindheit aufs \u00dcbelste gepiesackt hat. Trotz alter Feindschaft und offensichtlicher Verschiedenheiten kommen sich die vermeintlich unscheinbare Erzieherin und der attraktive Journalist n\u00e4her. Zwischen Kindertheater und Yuppie-Alltag hin- und hergerissen, kommt Ludo langsam der Liebe auf die Spur.<\/p>\n<p style=\"text-align: center;\">Land (Jahr): Deutschland (2008)<br \/>\nGenre: Comedy, Romance<br \/>\nFilml\u00e4nge: 114min<br \/>\nRegie: Til Schweiger<br \/>\nKinostart: 20.12.2007<br \/>\nDrehbuch: Anika Decker<br \/>\nTil Schweiger<br \/>\nCast: Til Schweiger<br \/>\nNora Tschirner<br \/>\nMatthias Schweigh\u00f6fer<br \/>\nAlwara H\u00f6fels<br \/>\nJ\u00fcrgen Vogel<br \/>\nRick Kavanian<br \/>\nArmin Rohde<\/p>\n","protected":false},"excerpt":{"rendered":"<p>Til Schweigers dritte Regiearbeit kn\u00fcpft nahtlos an die Tradition der deutschen, romantischen Kom\u00f6die der 1990er Jahre an. Die leider allzu vorhersehbare Screwball-Comedy kommt in flottem Tempo daher und beschw\u00f6rt mit Hilfe g\u00e4ngiger Geschlechterstereotypen und viel flegelhaftem Humor ganz altmodisch den &hellip; <a href=\"https:\/\/cinema.family-steiner.com\/?page_id=96\">Continue reading <span class=\"meta-nav\">&rarr;<\/span><\/a><\/p>\n","protected":false},"author":1,"featured_media":0,"parent":87,"menu_order":3,"comment_status":"closed","ping_status":"closed","template":"","meta":{"footnotes":""},"_links":{"self":[{"href":"https:\/\/cinema.family-steiner.com\/index.php?rest_route=\/wp\/v2\/pages\/96"}],"collection":[{"href":"https:\/\/cinema.family-steiner.com\/index.php?rest_route=\/wp\/v2\/pages"}],"about":[{"href":"https:\/\/cinema.family-steiner.com\/index.php?rest_route=\/wp\/v2\/types\/page"}],"author":[{"embeddable":true,"href":"https:\/\/cinema.family-steiner.com\/index.php?rest_route=\/wp\/v2\/users\/1"}],"replies":[{"embeddable":true,"href":"https:\/\/cinema.family-steiner.com\/index.php?rest_route=%2Fwp%2Fv2%2Fcomments&post=96"}],"version-history":[{"count":8,"href":"https:\/\/cinema.family-steiner.com\/index.php?rest_route=\/wp\/v2\/pages\/96\/revisions"}],"predecessor-version":[{"id":439,"href":"https:\/\/cinema.family-steiner.com\/index.php?rest_route=\/wp\/v2\/pages\/96\/revisions\/439"}],"up":[{"embeddable":true,"href":"https:\/\/cinema.family-steiner.com\/index.php?rest_route=\/wp\/v2\/pages\/87"}],"wp:attachment":[{"href":"https:\/\/cinema.family-steiner.com\/index.php?rest_route=%2Fwp%2Fv2%2Fmedia&parent=96"}],"curies":[{"name":"wp","href":"https:\/\/api.w.org\/{rel}","templated":true}]}}