{"id":937,"date":"2025-06-30T18:31:00","date_gmt":"2025-06-30T16:31:00","guid":{"rendered":"https:\/\/cinema.family-steiner.com\/?page_id=937"},"modified":"2025-06-30T18:44:09","modified_gmt":"2025-06-30T16:44:09","slug":"der-wein-und-der-wind-2025","status":"publish","type":"page","link":"https:\/\/cinema.family-steiner.com\/?page_id=937","title":{"rendered":"Der Wein und der Wind (2025)"},"content":{"rendered":"\n<p><strong>\u201eDer Wein und der Wind\u201c<\/strong> ist eine stille, tief ber\u00fchrende Geschichte \u00fcber Familie, Herkunft und das Loslassen \u2013 und zugleich eine Liebeserkl\u00e4rung an das Leben zwischen Reben und Jahreszeiten.<\/p>\n\n\n\n<p>Im Zentrum steht <strong>Jean<\/strong>, der nach vielen Jahren der Abwesenheit in seine Heimat im <strong>Burgund<\/strong> zur\u00fcckkehrt. Der Vater liegt im Sterben, das alte Weingut steht still, als h\u00e4tte es auf ihn gewartet. Zwischen ihm und seinen Geschwistern <strong>Juliette<\/strong> und <strong>J\u00e9r\u00e9mie<\/strong> liegt vieles Ungesagte \u2013 Verletzungen, Erwartungen, aber auch eine tiefe, unausgesprochene Verbindung.<\/p>\n\n\n<div class=\"wp-block-image\">\n<figure class=\"aligncenter size-full\"><a href=\"https:\/\/cinema.family-steiner.com\/wp-content\/uploads\/2025\/06\/Wein-und-der-Wind-3.jpg\"><img loading=\"lazy\" decoding=\"async\" width=\"495\" height=\"700\" src=\"https:\/\/cinema.family-steiner.com\/wp-content\/uploads\/2025\/06\/Wein-und-der-Wind-3.jpg\" alt=\"\" class=\"wp-image-942\" srcset=\"https:\/\/cinema.family-steiner.com\/wp-content\/uploads\/2025\/06\/Wein-und-der-Wind-3.jpg 495w, https:\/\/cinema.family-steiner.com\/wp-content\/uploads\/2025\/06\/Wein-und-der-Wind-3-212x300.jpg 212w\" sizes=\"(max-width: 495px) 100vw, 495px\" \/><\/a><\/figure><\/div>\n\n\n<p>W\u00e4hrend der Weinberg weiter bl\u00fcht und welkt, wie er es seit Generationen tut, m\u00fcssen die drei entscheiden, ob sie ihre gemeinsame Wurzel bewahren oder ob sie ein neues Kapitel wagen. Jeder tr\u00e4gt seine Zweifel und Tr\u00e4ume mit sich \u2013 und doch fordert das Land, das sie gepr\u00e4gt hat, eine Antwort.<\/p>\n\n\n\n<p><strong>Land<\/strong>: Frankreich<br><strong>Genre<\/strong>: Drama \/ Familienfilm<br><strong>Laufzeit<\/strong>: 113 min.<br><strong>Jahr<\/strong>: 2017<br><strong>Regie<\/strong>: C\u00e9dric Klapisch<br><strong>Cast<\/strong>:<br>Pio Marma\u00ef<br>Ana Girardot<br>Fran\u00e7ois Civil<br>Jean-Marie Winling<br>Maria Valverde<br>Yam\u00e9e Couture<br>Jean-Paul Drapier<br>\u00c9ric Caravaca<br>Karidja Tour\u00e9<br>Florence Pernel<\/p>\n","protected":false},"excerpt":{"rendered":"<p>\u201eDer Wein und der Wind\u201c ist eine stille, tief ber\u00fchrende Geschichte \u00fcber Familie, Herkunft und das Loslassen \u2013 und zugleich eine Liebeserkl\u00e4rung an das Leben zwischen Reben und Jahreszeiten. Im Zentrum steht Jean, der nach vielen Jahren der Abwesenheit in &hellip; <a href=\"https:\/\/cinema.family-steiner.com\/?page_id=937\">Continue reading <span class=\"meta-nav\">&rarr;<\/span><\/a><\/p>\n","protected":false},"author":1,"featured_media":0,"parent":87,"menu_order":19,"comment_status":"closed","ping_status":"closed","template":"","meta":{"footnotes":""},"_links":{"self":[{"href":"https:\/\/cinema.family-steiner.com\/index.php?rest_route=\/wp\/v2\/pages\/937"}],"collection":[{"href":"https:\/\/cinema.family-steiner.com\/index.php?rest_route=\/wp\/v2\/pages"}],"about":[{"href":"https:\/\/cinema.family-steiner.com\/index.php?rest_route=\/wp\/v2\/types\/page"}],"author":[{"embeddable":true,"href":"https:\/\/cinema.family-steiner.com\/index.php?rest_route=\/wp\/v2\/users\/1"}],"replies":[{"embeddable":true,"href":"https:\/\/cinema.family-steiner.com\/index.php?rest_route=%2Fwp%2Fv2%2Fcomments&post=937"}],"version-history":[{"count":2,"href":"https:\/\/cinema.family-steiner.com\/index.php?rest_route=\/wp\/v2\/pages\/937\/revisions"}],"predecessor-version":[{"id":943,"href":"https:\/\/cinema.family-steiner.com\/index.php?rest_route=\/wp\/v2\/pages\/937\/revisions\/943"}],"up":[{"embeddable":true,"href":"https:\/\/cinema.family-steiner.com\/index.php?rest_route=\/wp\/v2\/pages\/87"}],"wp:attachment":[{"href":"https:\/\/cinema.family-steiner.com\/index.php?rest_route=%2Fwp%2Fv2%2Fmedia&parent=937"}],"curies":[{"name":"wp","href":"https:\/\/api.w.org\/{rel}","templated":true}]}}