{"id":79,"date":"2012-06-26T13:13:20","date_gmt":"2012-06-26T11:13:20","guid":{"rendered":"https:\/\/cinema.family-steiner.com\/?page_id=79"},"modified":"2019-06-24T15:14:26","modified_gmt":"2019-06-24T13:14:26","slug":"waking-ned-devine-2010","status":"publish","type":"page","link":"https:\/\/cinema.family-steiner.com\/?page_id=79","title":{"rendered":"Waking Ned Devine (2009)"},"content":{"rendered":"<p style=\"text-align: center;\">In Tully More, einem kleinen Nest an der K\u00fcste Irlands, schl\u00e4gt die Lottofee zu. Der gl\u00fcckliche Gewinner der Lottomillionen segnet allerdings im Moment der Freude alles Zeitliche. Dass der Jackpot deshalb nicht einfach in die n\u00e4chste Verlosung weitergereicht wird, daf\u00fcr sorgen \u00abthe boys\u00bb, die gealterte, deshalb aber nicht minder agileDorfjugend von Tully More. Sie beschliessen, den Mann aus der Stadt mit dem Scheck in der Tasche aufs Kreuz zu legen.<\/p>\n<p style=\"text-align: center;\"><a href=\"https:\/\/cinema.family-steiner.com\/wp-content\/uploads\/2012\/06\/Waking_Ned_Devine-609233638-large.jpg\"><img loading=\"lazy\" decoding=\"async\" class=\"alignleft size-full wp-image-191\" title=\"Waking_Ned_Devine-609233638-large\" src=\"https:\/\/cinema.family-steiner.com\/wp-content\/uploads\/2012\/06\/Waking_Ned_Devine-609233638-large.jpg\" alt=\"\" width=\"591\" height=\"876\" srcset=\"https:\/\/cinema.family-steiner.com\/wp-content\/uploads\/2012\/06\/Waking_Ned_Devine-609233638-large.jpg 591w, https:\/\/cinema.family-steiner.com\/wp-content\/uploads\/2012\/06\/Waking_Ned_Devine-609233638-large-202x300.jpg 202w\" sizes=\"(max-width: 591px) 100vw, 591px\" \/><\/a><br \/>\nDoch das ist gar nicht so einfach, hat Ned Devine selig doch seinen Namen auf den Lottoschein geschrieben und deshalb kann niemand ausser ihm selbst den Gewinn abholen. Das m\u00f6chte man wenigstens meinen. Die beiden Spitzbuben Jackie O&#8217;Shea (Ian Bannen) und Michael O&#8217;Sullivan (David Kelly) sehen das anders und erwecken den frisch gestorbenen Multimillion\u00e4r zu neuem Leben. In ihrer Euphorie vergessen sie jedoch die eine oder andere Kleinigkeit, etwa dass der Lotto-Mann aus der Stadt (Brendan Dempsey) zuvor im Dorf ein paar Erkundungen einzuholen gedenkt und so f\u00fcr einige Aufregung im sonst so ruhigen Tully More sorgt.<\/p>\n<p style=\"text-align: center;\">Land (Jahr): Irland (1998)<br \/>\nGenre: Comedy<br \/>\nFilml\u00e4nge: 91min<br \/>\nRegie: Kirk Jones (III)<br \/>\nKinostart: 12.03.1999<br \/>\nDrehbuch: Kirk Jones (III)<br \/>\nCast: Ian Bannen<br \/>\nDavid Kelly<br \/>\nFionnula Flanagan<br \/>\nSusan Lynch<br \/>\nJames Nesbitt<br \/>\nMaura O&#8217;Malley<br \/>\nRobert Hickey<\/p>\n","protected":false},"excerpt":{"rendered":"<p>In Tully More, einem kleinen Nest an der K\u00fcste Irlands, schl\u00e4gt die Lottofee zu. Der gl\u00fcckliche Gewinner der Lottomillionen segnet allerdings im Moment der Freude alles Zeitliche. Dass der Jackpot deshalb nicht einfach in die n\u00e4chste Verlosung weitergereicht wird, daf\u00fcr &hellip; <a href=\"https:\/\/cinema.family-steiner.com\/?page_id=79\">Continue reading <span class=\"meta-nav\">&rarr;<\/span><\/a><\/p>\n","protected":false},"author":1,"featured_media":0,"parent":87,"menu_order":4,"comment_status":"closed","ping_status":"closed","template":"","meta":{"footnotes":""},"_links":{"self":[{"href":"https:\/\/cinema.family-steiner.com\/index.php?rest_route=\/wp\/v2\/pages\/79"}],"collection":[{"href":"https:\/\/cinema.family-steiner.com\/index.php?rest_route=\/wp\/v2\/pages"}],"about":[{"href":"https:\/\/cinema.family-steiner.com\/index.php?rest_route=\/wp\/v2\/types\/page"}],"author":[{"embeddable":true,"href":"https:\/\/cinema.family-steiner.com\/index.php?rest_route=\/wp\/v2\/users\/1"}],"replies":[{"embeddable":true,"href":"https:\/\/cinema.family-steiner.com\/index.php?rest_route=%2Fwp%2Fv2%2Fcomments&post=79"}],"version-history":[{"count":11,"href":"https:\/\/cinema.family-steiner.com\/index.php?rest_route=\/wp\/v2\/pages\/79\/revisions"}],"predecessor-version":[{"id":441,"href":"https:\/\/cinema.family-steiner.com\/index.php?rest_route=\/wp\/v2\/pages\/79\/revisions\/441"}],"up":[{"embeddable":true,"href":"https:\/\/cinema.family-steiner.com\/index.php?rest_route=\/wp\/v2\/pages\/87"}],"wp:attachment":[{"href":"https:\/\/cinema.family-steiner.com\/index.php?rest_route=%2Fwp%2Fv2%2Fmedia&parent=79"}],"curies":[{"name":"wp","href":"https:\/\/api.w.org\/{rel}","templated":true}]}}