{"id":683,"date":"2022-06-27T08:38:40","date_gmt":"2022-06-27T06:38:40","guid":{"rendered":"https:\/\/cinema.family-steiner.com\/?page_id=683"},"modified":"2022-06-27T09:23:18","modified_gmt":"2022-06-27T07:23:18","slug":"monsieur-claude-und-seine-tochter%ef%bf%bc%ef%bf%bc%ef%bf%bc","status":"publish","type":"page","link":"https:\/\/cinema.family-steiner.com\/?page_id=683","title":{"rendered":"Monsieur Claude und seine T\u00f6chter (2022)"},"content":{"rendered":"<div class=\"wp-block-image\">\n<figure class=\"aligncenter size-full\"><a href=\"https:\/\/cinema.family-steiner.com\/wp-content\/uploads\/2022\/06\/monsieur_claude_3.jpg\"><img loading=\"lazy\" decoding=\"async\" width=\"400\" height=\"565\" src=\"https:\/\/cinema.family-steiner.com\/wp-content\/uploads\/2022\/06\/monsieur_claude_3.jpg\" alt=\"\" class=\"wp-image-684\" srcset=\"https:\/\/cinema.family-steiner.com\/wp-content\/uploads\/2022\/06\/monsieur_claude_3.jpg 400w, https:\/\/cinema.family-steiner.com\/wp-content\/uploads\/2022\/06\/monsieur_claude_3-212x300.jpg 212w\" sizes=\"(max-width: 400px) 100vw, 400px\" \/><\/a><\/figure><\/div>\n\n\n<p class=\"has-text-align-center\">Claude und Marie&nbsp;Verneuil (Christian Clavier, Chantal Lauby) sind ein wohlhabendes, leicht konservatives katholisches Ehepaar in der franz\u00f6sischen Provinz. Sie haben vier attraktive T\u00f6chter. F\u00fcr die jungen Frauen k\u00f6nnen sich die Verneuils nichts Sch\u00f6neres vorstellen, als dass diese von M\u00e4nnern mit den Attributen &#8220;attraktiv, franz\u00f6sisch, m\u00e4nnlich&#8221; geehelicht werden. Doch Tochter&nbsp;S\u00e9gol\u00e8ne (Emilie Caen) heiratet den Chinesen Chao (Fr\u00e9d\u00e9ric Chau), Isabelle (Fr\u00e9d\u00e9rique Bel)&nbsp;den Muslim Rachid (Medi Sadoun)&nbsp;und Odile (Julia Piaton) den Juden David (Ary Abittan). Da h\u00e4ngt der famili\u00e4re Haussegen der Verneuils gewaltig schief. Wenigstens ihre j\u00fcngste Tochter Laure (Elodie Fontan) ist mit einem franz\u00f6sischen Katholiken zusammen. Doch als dieser zum ersten Abendessen vorbei kommt, rei\u00dft den besorgten Eltern der Geduldsfaden: Charles (Noom Diawara) ist schwarz. Claude und Marie geben ihre T\u00f6chter aber nicht so einfach auf. Sie nutzen die Hochzeitsvorbereitungen, um die unerw\u00fcnschten Beziehungen zu sabotieren\u2026<\/p>\n\n\n\n<p class=\"has-text-align-center\">Dauer: 1 Std. 37 Min.<br>Typ: Kom\u00f6die<br>Freigabe: FSK ab 0<br>Regie: Philippe de Chauveron<br>Drehbuch: Philippe de Chauveron, Philippe de Chauveron<br>Besetzung: Christian Clavier, Chantal Lauby, Ary Abittan<br>Originaltitel: Qu&#8217;est-ce qu&#8217;on a fait au Bon Dieu?<\/p>\n","protected":false},"excerpt":{"rendered":"<p>Claude und Marie&nbsp;Verneuil (Christian Clavier, Chantal Lauby) sind ein wohlhabendes, leicht konservatives katholisches Ehepaar in der franz\u00f6sischen Provinz. Sie haben vier attraktive T\u00f6chter. F\u00fcr die jungen Frauen k\u00f6nnen sich die Verneuils nichts Sch\u00f6neres vorstellen, als dass diese von M\u00e4nnern mit &hellip; <a href=\"https:\/\/cinema.family-steiner.com\/?page_id=683\">Continue reading <span class=\"meta-nav\">&rarr;<\/span><\/a><\/p>\n","protected":false},"author":1,"featured_media":0,"parent":87,"menu_order":16,"comment_status":"closed","ping_status":"closed","template":"","meta":{"footnotes":""},"_links":{"self":[{"href":"https:\/\/cinema.family-steiner.com\/index.php?rest_route=\/wp\/v2\/pages\/683"}],"collection":[{"href":"https:\/\/cinema.family-steiner.com\/index.php?rest_route=\/wp\/v2\/pages"}],"about":[{"href":"https:\/\/cinema.family-steiner.com\/index.php?rest_route=\/wp\/v2\/types\/page"}],"author":[{"embeddable":true,"href":"https:\/\/cinema.family-steiner.com\/index.php?rest_route=\/wp\/v2\/users\/1"}],"replies":[{"embeddable":true,"href":"https:\/\/cinema.family-steiner.com\/index.php?rest_route=%2Fwp%2Fv2%2Fcomments&post=683"}],"version-history":[{"count":3,"href":"https:\/\/cinema.family-steiner.com\/index.php?rest_route=\/wp\/v2\/pages\/683\/revisions"}],"predecessor-version":[{"id":695,"href":"https:\/\/cinema.family-steiner.com\/index.php?rest_route=\/wp\/v2\/pages\/683\/revisions\/695"}],"up":[{"embeddable":true,"href":"https:\/\/cinema.family-steiner.com\/index.php?rest_route=\/wp\/v2\/pages\/87"}],"wp:attachment":[{"href":"https:\/\/cinema.family-steiner.com\/index.php?rest_route=%2Fwp%2Fv2%2Fmedia&parent=683"}],"curies":[{"name":"wp","href":"https:\/\/api.w.org\/{rel}","templated":true}]}}