{"id":39,"date":"2011-07-28T14:40:40","date_gmt":"2011-07-28T12:40:40","guid":{"rendered":"https:\/\/cinema.family-steiner.com\/?page_id=39"},"modified":"2025-08-13T11:58:03","modified_gmt":"2025-08-13T09:58:03","slug":"open-air-cinema","status":"publish","type":"page","link":"https:\/\/cinema.family-steiner.com\/","title":{"rendered":"Open Air Cinema"},"content":{"rendered":"<p style=\"text-align: center;\">Liebe Freunde<\/p>\n<p style=\"text-align: center;\">Wir freuen uns, euch zum 19. Open Air Kino am M\u00fchlerain einladen zu d\u00fcrfen.<\/p>\n<p style=\"text-align: center;\"><strong>Das Wetter verspricht einen heissen Sommerabend, perfekt f\u00fcr einen Grill-und Kinoabend. Gerne kann ich best\u00e4tigen, dass das Kino am 15. August 2025 stattfindet.<\/strong><\/p>\n<p style=\"text-align: center;\"><span style=\"font-size: revert;\">Die Jury hat sich f\u00fcr den Film <a href=\"https:\/\/cinema.family-steiner.com\/?page_id=937\">Der Wein und der Wind<\/a> entschieden &#8211; ihr d\u00fcrft gespannt sein.<\/span><\/p>\n<p style=\"text-align: center;\">Wie immer bitten wir aus administrativen Gr\u00fcnden um Anmeldung <a href=\"https:\/\/cinema.family-steiner.com\/?page_id=130\">HIER<\/a>.<\/p>\n<p style=\"text-align: center;\">Bis bald und liebe Gr\u00fcsse,<br \/>\nSibylle, J\u00fcrg, Fabien &amp; No\u00e9<\/p>\n","protected":false},"excerpt":{"rendered":"<p>Liebe Freunde Wir freuen uns, euch zum 19. Open Air Kino am M\u00fchlerain einladen zu d\u00fcrfen. Das Wetter verspricht einen heissen Sommerabend, perfekt f\u00fcr einen Grill-und Kinoabend. Gerne kann ich best\u00e4tigen, dass das Kino am 15. August 2025 stattfindet. Die &hellip; <a href=\"https:\/\/cinema.family-steiner.com\/\">Continue reading <span class=\"meta-nav\">&rarr;<\/span><\/a><\/p>\n","protected":false},"author":1,"featured_media":0,"parent":0,"menu_order":0,"comment_status":"closed","ping_status":"closed","template":"","meta":{"footnotes":""},"_links":{"self":[{"href":"https:\/\/cinema.family-steiner.com\/index.php?rest_route=\/wp\/v2\/pages\/39"}],"collection":[{"href":"https:\/\/cinema.family-steiner.com\/index.php?rest_route=\/wp\/v2\/pages"}],"about":[{"href":"https:\/\/cinema.family-steiner.com\/index.php?rest_route=\/wp\/v2\/types\/page"}],"author":[{"embeddable":true,"href":"https:\/\/cinema.family-steiner.com\/index.php?rest_route=\/wp\/v2\/users\/1"}],"replies":[{"embeddable":true,"href":"https:\/\/cinema.family-steiner.com\/index.php?rest_route=%2Fwp%2Fv2%2Fcomments&post=39"}],"version-history":[{"count":168,"href":"https:\/\/cinema.family-steiner.com\/index.php?rest_route=\/wp\/v2\/pages\/39\/revisions"}],"predecessor-version":[{"id":954,"href":"https:\/\/cinema.family-steiner.com\/index.php?rest_route=\/wp\/v2\/pages\/39\/revisions\/954"}],"wp:attachment":[{"href":"https:\/\/cinema.family-steiner.com\/index.php?rest_route=%2Fwp%2Fv2%2Fmedia&parent=39"}],"curies":[{"name":"wp","href":"https:\/\/api.w.org\/{rel}","templated":true}]}}