{"id":345,"date":"2017-06-19T22:11:59","date_gmt":"2017-06-19T20:11:59","guid":{"rendered":"https:\/\/cinema.family-steiner.com\/?page_id=345"},"modified":"2017-06-19T22:23:35","modified_gmt":"2017-06-19T20:23:35","slug":"fruhstueck-bei-monsieur-henri-2017","status":"publish","type":"page","link":"https:\/\/cinema.family-steiner.com\/?page_id=345","title":{"rendered":"Fr\u00fchst\u00fcck bei Monsieur Henri (2017)"},"content":{"rendered":"<p><a href=\"https:\/\/cinema.family-steiner.com\/wp-content\/uploads\/2017\/06\/Fruehstueck-bei-Monsieur-Henri-small.jpg\" rel=\"attachment wp-att-346\"><img loading=\"lazy\" decoding=\"async\" class=\"aligncenter size-full wp-image-346\" src=\"https:\/\/cinema.family-steiner.com\/wp-content\/uploads\/2017\/06\/Fruehstueck-bei-Monsieur-Henri-small.jpg\" alt=\"Fruehstueck bei Monsieur Henri\" width=\"500\" height=\"502\" srcset=\"https:\/\/cinema.family-steiner.com\/wp-content\/uploads\/2017\/06\/Fruehstueck-bei-Monsieur-Henri-small.jpg 500w, https:\/\/cinema.family-steiner.com\/wp-content\/uploads\/2017\/06\/Fruehstueck-bei-Monsieur-Henri-small-150x150.jpg 150w, https:\/\/cinema.family-steiner.com\/wp-content\/uploads\/2017\/06\/Fruehstueck-bei-Monsieur-Henri-small-300x300.jpg 300w, https:\/\/cinema.family-steiner.com\/wp-content\/uploads\/2017\/06\/Fruehstueck-bei-Monsieur-Henri-small-299x300.jpg 299w\" sizes=\"(max-width: 500px) 100vw, 500px\" \/><\/a><\/p>\n<p>Die Gesundheit des in die Jahre gekommenen Henri Voizot (Claude Brasseur) ist nicht mehr die beste. Also l\u00e4sst sich der grummelige Mann darauf ein, seine Wohnung mit der jungen Studentin Constance (No\u00e9mie Schmidt) zu teilen, gibt aber strenge Regeln vor. Allein die Zusammenfassung der Hausordnung, an die sich Constance fortan halten muss, hat 20 Seiten \u2013 fortan muss die junge Frau kalt duschen (\u201edauert nicht so lange\u201c) und darf keine M\u00e4nner empfangen (\u201eman braucht Regeln, wenn man in einer Gemeinschaft wohnt\u201c). Bald hat Henri eine weitere Forderung an seine neue Mitbewohnerin: Sie soll daf\u00fcr sorgen, dass sich sein Sohn Paul (Guillaume de Tonquedec) von Freundin Val\u00e9rie (Fr\u00e9d\u00e9rique Bel) trennt, die der Papa f\u00fcr eine Idiotin h\u00e4lt. Falls Constance Paul und Val\u00e9rie auseinanderbringt, braucht sie sechs Monate keine Miete zu zahlen\u2026<\/p>\n<h6 style=\"text-align: center;\">Regie: <a class=\"blue-link\" title=\"Ivan Calb\u00e9rac\" href=\"http:\/\/www.filmstarts.de\/personen\/25799.html\">Ivan Calb\u00e9rac<\/a><\/h6>\n<h6 style=\"text-align: center;\">Cast:\u00a0<a class=\"xXx blue-link\" href=\"http:\/\/www.filmstarts.de\/personen\/512.html\">Claude Brasseur<\/a>, <a class=\"xXx blue-link\" href=\"http:\/\/www.filmstarts.de\/personen\/44076.html\">Guillaume De Tonqu\u00e9dec<\/a>, <a class=\"xXx blue-link\" href=\"http:\/\/www.filmstarts.de\/personen\/654087.html\">No\u00e9mie Schmidt<\/a><\/h6>\n<h6 style=\"text-align: center;\">Nationalit\u00e4t: Frankreich<\/h6>\n<h6 style=\"text-align: center;\">Genre: Kom\u00f6die<\/h6>\n<h6 style=\"text-align: center;\">Laufzeit: 98\u00a0Minuten<br \/>\nAltersfreigabe: FSK\u00a00<br \/>\nErscheinungsjahr:\u00a02016<\/h6>\n<p>&nbsp;<\/p>\n<div style=\"width: 584px;\" class=\"wp-video\"><!--[if lt IE 9]><script>document.createElement('video');<\/script><![endif]-->\n<video class=\"wp-video-shortcode\" id=\"video-345-1\" width=\"584\" height=\"316\" preload=\"metadata\" controls=\"controls\"><source type=\"video\/mp4\" src=\"https:\/\/cinema.family-steiner.com\/wp-content\/uploads\/2017\/06\/Fruehstueck%20bei%20Monsieur%20Henri%20Trailer%20German%20Deutsch%20(2016).mp4?_=1\" \/><a href=\"https:\/\/cinema.family-steiner.com\/wp-content\/uploads\/2017\/06\/Fruehstueck%20bei%20Monsieur%20Henri%20Trailer%20German%20Deutsch%20(2016).mp4\">https:\/\/cinema.family-steiner.com\/wp-content\/uploads\/2017\/06\/Fruehstueck%20bei%20Monsieur%20Henri%20Trailer%20German%20Deutsch%20(2016).mp4<\/a><\/video><\/div>\n","protected":false},"excerpt":{"rendered":"<p>Die Gesundheit des in die Jahre gekommenen Henri Voizot (Claude Brasseur) ist nicht mehr die beste. Also l\u00e4sst sich der grummelige Mann darauf ein, seine Wohnung mit der jungen Studentin Constance (No\u00e9mie Schmidt) zu teilen, gibt aber strenge Regeln vor. &hellip; <a href=\"https:\/\/cinema.family-steiner.com\/?page_id=345\">Continue reading <span class=\"meta-nav\">&rarr;<\/span><\/a><\/p>\n","protected":false},"author":1,"featured_media":0,"parent":87,"menu_order":12,"comment_status":"closed","ping_status":"closed","template":"","meta":{"footnotes":""},"_links":{"self":[{"href":"https:\/\/cinema.family-steiner.com\/index.php?rest_route=\/wp\/v2\/pages\/345"}],"collection":[{"href":"https:\/\/cinema.family-steiner.com\/index.php?rest_route=\/wp\/v2\/pages"}],"about":[{"href":"https:\/\/cinema.family-steiner.com\/index.php?rest_route=\/wp\/v2\/types\/page"}],"author":[{"embeddable":true,"href":"https:\/\/cinema.family-steiner.com\/index.php?rest_route=\/wp\/v2\/users\/1"}],"replies":[{"embeddable":true,"href":"https:\/\/cinema.family-steiner.com\/index.php?rest_route=%2Fwp%2Fv2%2Fcomments&post=345"}],"version-history":[{"count":2,"href":"https:\/\/cinema.family-steiner.com\/index.php?rest_route=\/wp\/v2\/pages\/345\/revisions"}],"predecessor-version":[{"id":351,"href":"https:\/\/cinema.family-steiner.com\/index.php?rest_route=\/wp\/v2\/pages\/345\/revisions\/351"}],"up":[{"embeddable":true,"href":"https:\/\/cinema.family-steiner.com\/index.php?rest_route=\/wp\/v2\/pages\/87"}],"wp:attachment":[{"href":"https:\/\/cinema.family-steiner.com\/index.php?rest_route=%2Fwp%2Fv2%2Fmedia&parent=345"}],"curies":[{"name":"wp","href":"https:\/\/api.w.org\/{rel}","templated":true}]}}