{"id":309,"date":"2016-06-27T14:50:48","date_gmt":"2016-06-27T12:50:48","guid":{"rendered":"https:\/\/cinema.family-steiner.com\/?page_id=309"},"modified":"2016-06-27T14:51:21","modified_gmt":"2016-06-27T12:51:21","slug":"rain-man-2016","status":"publish","type":"page","link":"https:\/\/cinema.family-steiner.com\/?page_id=309","title":{"rendered":"Rain Man (2016)"},"content":{"rendered":"<h6 style=\"text-align: center;\"><a href=\"https:\/\/cinema.family-steiner.com\/wp-content\/uploads\/2016\/06\/Rainman_Poster.jpg\" rel=\"attachment wp-att-311\"><img loading=\"lazy\" decoding=\"async\" class=\"aligncenter size-full wp-image-311\" src=\"https:\/\/cinema.family-steiner.com\/wp-content\/uploads\/2016\/06\/Rainman_Poster.jpg\" alt=\"Rainman_Poster\" width=\"560\" height=\"660\" srcset=\"https:\/\/cinema.family-steiner.com\/wp-content\/uploads\/2016\/06\/Rainman_Poster.jpg 560w, https:\/\/cinema.family-steiner.com\/wp-content\/uploads\/2016\/06\/Rainman_Poster-255x300.jpg 255w\" sizes=\"(max-width: 560px) 100vw, 560px\" \/><\/a><\/h6>\n<h6 style=\"text-align: center;\">Charlie Babbitt (Tom Cruise) ist ein oberfl\u00e4chlicher, karrierefixierter Egoist. Als sein Vater, zu dem er jahrelang keinen Kontakt hatte, eines Tages stirbt, erf\u00e4hrt er, dass er einen \u00e4lteren Bruder namens Ray (Dustin Hoffman) hat, der drei Millionen Dollar erben soll, w\u00e4hrend Charlie lediglich des Vaters Rosen sowie einen 49er Buick abbekommt. Aber Charlie wittert eine Chance. Denn Ray lebt in einem Heim f\u00fcr psychisch Kranke und leidet an Autismus. Er steht unter der Obhut von Dr. Bruner (Gerald R. Molen), einem alten Freund des Vaters, der das Verm\u00f6gen Rays nun treuh\u00e4nderisch verwalten soll und der Charlie nie \u00fcber Ray informieren wollte. Charlie spekuliert: Wenn er Ray mitnimmt und Bruner unter Druck setzt, notfalls auch klagt, h\u00e4tte er Chancen auf die H\u00e4lfte des S\u00fcmmchens &#8211; sofern er die Vormundschaft \u00fcber seinen Bruder bekommen w\u00fcrde, vielleicht auf das ganz Geld. Eine Reise beginnt, bei der sich die beiden unterschiedlichen Br\u00fcder St\u00fcck f\u00fcr St\u00fcck n\u00e4her kommen&#8230;<\/h6>\n<p>&nbsp;<\/p>\n<p style=\"text-align: center;\"><a href=\"https:\/\/cinema.family-steiner.com\/wp-content\/uploads\/2016\/06\/Rainman_Casino.jpg\" rel=\"attachment wp-att-310\"><img loading=\"lazy\" decoding=\"async\" class=\"aligncenter size-full wp-image-310\" src=\"https:\/\/cinema.family-steiner.com\/wp-content\/uploads\/2016\/06\/Rainman_Casino.jpg\" alt=\"Rainman_Casino\" width=\"560\" height=\"320\" srcset=\"https:\/\/cinema.family-steiner.com\/wp-content\/uploads\/2016\/06\/Rainman_Casino.jpg 560w, https:\/\/cinema.family-steiner.com\/wp-content\/uploads\/2016\/06\/Rainman_Casino-300x171.jpg 300w, https:\/\/cinema.family-steiner.com\/wp-content\/uploads\/2016\/06\/Rainman_Casino-500x286.jpg 500w\" sizes=\"(max-width: 560px) 100vw, 560px\" \/><\/a><\/p>\n<h6 style=\"text-align: center;\">Regie: <a title=\"Barry Levinson\" href=\"http:\/\/www.filmstarts.de\/personen\/5931-Barry-Levinson.html\"><u><span style=\"color: #0066cc;\">Barry Levinson<\/span><\/u><\/a><\/h6>\n<h6 style=\"text-align: center;\">Cast: <a class=\"xXx \" title=\"Dustin Hoffman\" href=\"http:\/\/www.filmstarts.de\/personen\/301-Dustin-Hoffman.html\"><u><span style=\"color: #0066cc;\">Dustin Hoffman<\/span><\/u><\/a>, <a class=\"xXx \" title=\"Tom Cruise\" href=\"http:\/\/www.filmstarts.de\/personen\/432-Tom-Cruise.html\"><u><span style=\"color: #0066cc;\">Tom Cruise<\/span><\/u><\/a>, <a class=\"xXx \" title=\"Valeria Golino\" href=\"http:\/\/www.filmstarts.de\/personen\/3780-Valeria-Golino.html\"><u><span style=\"color: #0066cc;\">Valeria Golino<\/span><\/u><\/a><\/h6>\n<h6 style=\"text-align: center;\">Nationalit\u00e4t: <a title=\"Vereinigte Staaten\" href=\"\/wiki\/Vereinigte_Staaten\"><u><span style=\"color: #0066cc;\">USA<\/span><\/u><\/a><\/h6>\n<h6 style=\"text-align: center;\">Genre: Tragikkom\u00f6die<\/h6>\n<h6 style=\"text-align: center;\">Laufzeit: 122 Minuten<br \/>\nAltersfreigabe: FSK 12<br \/>\nErscheinungsjahr:\u00a01989<\/h6>\n<p>&nbsp;<\/p>\n<div style=\"width: 584px;\" class=\"wp-video\"><!--[if lt IE 9]><script>document.createElement('video');<\/script><![endif]-->\n<video class=\"wp-video-shortcode\" id=\"video-309-1\" width=\"584\" height=\"316\" preload=\"metadata\" controls=\"controls\"><source type=\"video\/mp4\" src=\"https:\/\/cinema.family-steiner.com\/wp-content\/uploads\/2016\/06\/Rain-Man-Official-Trailer-1-Tom-Cruise-Dustin-Hoffman-Movie-1988-HD.mp4?_=1\" \/><a href=\"https:\/\/cinema.family-steiner.com\/wp-content\/uploads\/2016\/06\/Rain-Man-Official-Trailer-1-Tom-Cruise-Dustin-Hoffman-Movie-1988-HD.mp4\">https:\/\/cinema.family-steiner.com\/wp-content\/uploads\/2016\/06\/Rain-Man-Official-Trailer-1-Tom-Cruise-Dustin-Hoffman-Movie-1988-HD.mp4<\/a><\/video><\/div>\n","protected":false},"excerpt":{"rendered":"<p>Charlie Babbitt (Tom Cruise) ist ein oberfl\u00e4chlicher, karrierefixierter Egoist. Als sein Vater, zu dem er jahrelang keinen Kontakt hatte, eines Tages stirbt, erf\u00e4hrt er, dass er einen \u00e4lteren Bruder namens Ray (Dustin Hoffman) hat, der drei Millionen Dollar erben soll, &hellip; <a href=\"https:\/\/cinema.family-steiner.com\/?page_id=309\">Continue reading <span class=\"meta-nav\">&rarr;<\/span><\/a><\/p>\n","protected":false},"author":1,"featured_media":0,"parent":87,"menu_order":11,"comment_status":"closed","ping_status":"closed","template":"","meta":{"footnotes":""},"_links":{"self":[{"href":"https:\/\/cinema.family-steiner.com\/index.php?rest_route=\/wp\/v2\/pages\/309"}],"collection":[{"href":"https:\/\/cinema.family-steiner.com\/index.php?rest_route=\/wp\/v2\/pages"}],"about":[{"href":"https:\/\/cinema.family-steiner.com\/index.php?rest_route=\/wp\/v2\/types\/page"}],"author":[{"embeddable":true,"href":"https:\/\/cinema.family-steiner.com\/index.php?rest_route=\/wp\/v2\/users\/1"}],"replies":[{"embeddable":true,"href":"https:\/\/cinema.family-steiner.com\/index.php?rest_route=%2Fwp%2Fv2%2Fcomments&post=309"}],"version-history":[{"count":10,"href":"https:\/\/cinema.family-steiner.com\/index.php?rest_route=\/wp\/v2\/pages\/309\/revisions"}],"predecessor-version":[{"id":323,"href":"https:\/\/cinema.family-steiner.com\/index.php?rest_route=\/wp\/v2\/pages\/309\/revisions\/323"}],"up":[{"embeddable":true,"href":"https:\/\/cinema.family-steiner.com\/index.php?rest_route=\/wp\/v2\/pages\/87"}],"wp:attachment":[{"href":"https:\/\/cinema.family-steiner.com\/index.php?rest_route=%2Fwp%2Fv2%2Fmedia&parent=309"}],"curies":[{"name":"wp","href":"https:\/\/api.w.org\/{rel}","templated":true}]}}