{"id":283,"date":"2015-03-16T17:51:51","date_gmt":"2015-03-16T16:51:51","guid":{"rendered":"https:\/\/cinema.family-steiner.com\/?page_id=283"},"modified":"2019-06-24T15:17:21","modified_gmt":"2019-06-24T13:17:21","slug":"the-hundred-foot-journey","status":"publish","type":"page","link":"https:\/\/cinema.family-steiner.com\/?page_id=283","title":{"rendered":"The Hundred Foot Journey (2015)"},"content":{"rendered":"<h6 style=\"text-align: center;\"><a href=\"https:\/\/cinema.family-steiner.com\/wp-content\/uploads\/2015\/03\/Hundred-Foot-Journey-small.jpg\"><img loading=\"lazy\" decoding=\"async\" class=\"aligncenter size-full wp-image-285\" src=\"https:\/\/cinema.family-steiner.com\/wp-content\/uploads\/2015\/03\/Hundred-Foot-Journey-small.jpg\" alt=\"Hundred-Foot-Journey-small\" width=\"420\" height=\"420\" srcset=\"https:\/\/cinema.family-steiner.com\/wp-content\/uploads\/2015\/03\/Hundred-Foot-Journey-small.jpg 420w, https:\/\/cinema.family-steiner.com\/wp-content\/uploads\/2015\/03\/Hundred-Foot-Journey-small-150x150.jpg 150w, https:\/\/cinema.family-steiner.com\/wp-content\/uploads\/2015\/03\/Hundred-Foot-Journey-small-300x300.jpg 300w\" sizes=\"(max-width: 420px) 100vw, 420px\" \/><\/a><\/h6>\n<h6 style=\"text-align: center;\">Der junge Hassan Kadam (Manish Dayal) hat ein au\u00dfergew\u00f6hnliches Talent f\u00fcrs Kochen. Als er sich gemeinsam mit seinem Vater (Om Puri) und seinen beiden Geschwistern gezwungen sieht, sein Heimatland Indien zu verlassen und nach Europa zu ziehen, landet die Familie schlie\u00dflich in dem kleinen Ort Saint-Antonin-Noble-Val in S\u00fcdfrankreich. Dort m\u00f6chte der Papa ein indisches Restaurant er\u00f6ffnen &#8211; mit Hassan als Chefkoch. Im Maison Mumbai soll den Einheimischen die Welt der exotischen Gew\u00fcrze und der raffinierten Reisgerichte n\u00e4hergebracht werden. Doch als Madame Mallory (Helen Mirren) davon Wind bekommt, die Besitzerin des nahegelegenen Sternerestaurants Le Saule Pleureur, beginnt ein erbitterter Konkurrenzkampf zwischen den beiden Lokalen. Die Auseinandersetzung nimmt eine unterwartete Wendung, als Hassans Interesse an der franz\u00f6sischen Haute Cuisine immer st\u00e4rker wird \u2013 und er sich in die stellvertretende K\u00fcchenchefin des Saule Pleureur, Marguerite (Charlotte Le Bon), verliebt&#8230;<\/h6>\n<p style=\"text-align: center;\"><a href=\"https:\/\/cinema.family-steiner.com\/wp-content\/uploads\/2015\/03\/hundred-foot-journey-scene-small.jpg\"><img loading=\"lazy\" decoding=\"async\" class=\"aligncenter size-full wp-image-284\" src=\"https:\/\/cinema.family-steiner.com\/wp-content\/uploads\/2015\/03\/hundred-foot-journey-scene-small.jpg\" alt=\"hundred-foot-journey-scene-small\" width=\"420\" height=\"280\" srcset=\"https:\/\/cinema.family-steiner.com\/wp-content\/uploads\/2015\/03\/hundred-foot-journey-scene-small.jpg 420w, https:\/\/cinema.family-steiner.com\/wp-content\/uploads\/2015\/03\/hundred-foot-journey-scene-small-300x200.jpg 300w\" sizes=\"(max-width: 420px) 100vw, 420px\" \/><\/a><\/p>\n<h6 style=\"text-align: center;\">Regie: <a title=\"Zum Regisseur: Lasse Hallstr\u00f6m\" href=\"\/star\/lasse-hallstroem\/23489\">Lasse Hallstr\u00f6m<\/a><\/h6>\n<h6 style=\"text-align: center;\">Cast: <a title=\"Zum Star: Helen Mirren\" href=\"\/star\/helen-mirren\/384\">Helen Mirren<\/a>, <a title=\"Zum Star: Om Puri\" href=\"\/star\/om-puri\/30389\">Om Puri<\/a>, <a title=\"Zum Star: Manish Dayal\" href=\"\/star\/manish-dayal\/396563\">Manish Dayal<\/a><\/h6>\n<h6 style=\"text-align: center;\">Produktionsland: <a title=\"Indien\" href=\"\/wiki\/Indien\">Indien<\/a>, <a title=\"Vereinigte Staaten\" href=\"\/wiki\/Vereinigte_Staaten\">USA<\/a><br \/>\nErscheinungsjahr:\u00a02014<br \/>\nLaufzeit: 122\u00a0Minuten<br \/>\nAltersfreigabe:\u00a0ohne Altersbeschr\u00e4nkung nach FSK<\/h6>\n","protected":false},"excerpt":{"rendered":"<p>Der junge Hassan Kadam (Manish Dayal) hat ein au\u00dfergew\u00f6hnliches Talent f\u00fcrs Kochen. Als er sich gemeinsam mit seinem Vater (Om Puri) und seinen beiden Geschwistern gezwungen sieht, sein Heimatland Indien zu verlassen und nach Europa zu ziehen, landet die Familie &hellip; <a href=\"https:\/\/cinema.family-steiner.com\/?page_id=283\">Continue reading <span class=\"meta-nav\">&rarr;<\/span><\/a><\/p>\n","protected":false},"author":1,"featured_media":0,"parent":87,"menu_order":10,"comment_status":"closed","ping_status":"closed","template":"","meta":{"footnotes":""},"_links":{"self":[{"href":"https:\/\/cinema.family-steiner.com\/index.php?rest_route=\/wp\/v2\/pages\/283"}],"collection":[{"href":"https:\/\/cinema.family-steiner.com\/index.php?rest_route=\/wp\/v2\/pages"}],"about":[{"href":"https:\/\/cinema.family-steiner.com\/index.php?rest_route=\/wp\/v2\/types\/page"}],"author":[{"embeddable":true,"href":"https:\/\/cinema.family-steiner.com\/index.php?rest_route=\/wp\/v2\/users\/1"}],"replies":[{"embeddable":true,"href":"https:\/\/cinema.family-steiner.com\/index.php?rest_route=%2Fwp%2Fv2%2Fcomments&post=283"}],"version-history":[{"count":6,"href":"https:\/\/cinema.family-steiner.com\/index.php?rest_route=\/wp\/v2\/pages\/283\/revisions"}],"predecessor-version":[{"id":448,"href":"https:\/\/cinema.family-steiner.com\/index.php?rest_route=\/wp\/v2\/pages\/283\/revisions\/448"}],"up":[{"embeddable":true,"href":"https:\/\/cinema.family-steiner.com\/index.php?rest_route=\/wp\/v2\/pages\/87"}],"wp:attachment":[{"href":"https:\/\/cinema.family-steiner.com\/index.php?rest_route=%2Fwp%2Fv2%2Fmedia&parent=283"}],"curies":[{"name":"wp","href":"https:\/\/api.w.org\/{rel}","templated":true}]}}