{"id":216,"date":"2014-07-25T08:27:05","date_gmt":"2014-07-25T06:27:05","guid":{"rendered":"https:\/\/cinema.family-steiner.com\/?page_id=216"},"modified":"2022-06-28T18:02:23","modified_gmt":"2022-06-28T16:02:23","slug":"the-gods-must-be-crazy-2014","status":"publish","type":"page","link":"https:\/\/cinema.family-steiner.com\/?page_id=216","title":{"rendered":"The gods must be crazy (2014)"},"content":{"rendered":"<h6><a href=\"https:\/\/cinema.family-steiner.com\/wp-content\/uploads\/2022\/06\/the_gods_must_be_crazy.jpg\"><img loading=\"lazy\" decoding=\"async\" class=\"aligncenter  wp-image-702\" src=\"https:\/\/cinema.family-steiner.com\/wp-content\/uploads\/2022\/06\/the_gods_must_be_crazy-300x225.jpg\" alt=\"\" width=\"574\" height=\"434\" \/><\/a><\/h6>\n<h6 style=\"text-align: center;\">Ein afrikanischer Stamm lebt friedlich in der Kalahari-W\u00fcste. Doch als eines Tages eine Cola-Flasche aus heiterem Himmel einem Buschkrieger vor die F\u00fcsse f\u00e4llt, wird der Ruhe ein j\u00e4hes Ende gesetzt. Die Buschm\u00e4nner deuten das unbekannte Objekt als \u00abGeschenk der G\u00f6tter\u00bb. Es f\u00fchrt jedoch bald Unfrieden, Neid und Gewalt unter den Stammesbr\u00fcdern. Deshalb beschliesst der Buschmann Xi, die Flasche ans \u00abEnde der Welt\u00bb zu bringen. Auf seinem abenteuerlichen Weg dorthin ger\u00e4t Xi mit der modernen Zivilisation und ihren r\u00e4tselhaften Gesetzen in Kontakt&#8230;<\/h6>\n<p style=\"text-align: center;\">\n<h6 style=\"text-align: center;\">Regie: <a title=\"Jaymie Uys\" href=\"http:\/\/de.wikipedia.org\/wiki\/Jaymie_Uys\" target=\"_blank\" rel=\"noopener\">Jaymie Uys<\/a><\/h6>\n<h6 style=\"text-align: center;\">Besetzung: <a href=\"http:\/\/www.imdb.com\/name\/nm0618452\/?ref_=tt_ov_st\" target=\"_blank\" rel=\"noopener\">N!xau<\/a>, <a href=\"http:\/\/www.imdb.com\/name\/nm0923366\/?ref_=tt_ov_st\" target=\"_blank\" rel=\"noopener\">Marius Weyers<\/a>, <a title=\"Sandra Prinsloo\" href=\"http:\/\/www.imdb.com\/name\/nm0697865\/?ref_=tt_ov_st\" target=\"_blank\" rel=\"noopener\">Sandra Prinsloo<\/a><\/h6>\n<p style=\"text-align: center;\">Produktionsland: Botswana<br \/>\nErscheinungsjahr: 1980<br \/>\nL\u00e4nge: 109 Minuten<br \/>\nAltersfreigabe: FSK 12<\/p>\n","protected":false},"excerpt":{"rendered":"<p>Ein afrikanischer Stamm lebt friedlich in der Kalahari-W\u00fcste. Doch als eines Tages eine Cola-Flasche aus heiterem Himmel einem Buschkrieger vor die F\u00fcsse f\u00e4llt, wird der Ruhe ein j\u00e4hes Ende gesetzt. Die Buschm\u00e4nner deuten das unbekannte Objekt als \u00abGeschenk der G\u00f6tter\u00bb. &hellip; <a href=\"https:\/\/cinema.family-steiner.com\/?page_id=216\">Continue reading <span class=\"meta-nav\">&rarr;<\/span><\/a><\/p>\n","protected":false},"author":1,"featured_media":0,"parent":87,"menu_order":9,"comment_status":"closed","ping_status":"closed","template":"","meta":{"footnotes":""},"_links":{"self":[{"href":"https:\/\/cinema.family-steiner.com\/index.php?rest_route=\/wp\/v2\/pages\/216"}],"collection":[{"href":"https:\/\/cinema.family-steiner.com\/index.php?rest_route=\/wp\/v2\/pages"}],"about":[{"href":"https:\/\/cinema.family-steiner.com\/index.php?rest_route=\/wp\/v2\/types\/page"}],"author":[{"embeddable":true,"href":"https:\/\/cinema.family-steiner.com\/index.php?rest_route=\/wp\/v2\/users\/1"}],"replies":[{"embeddable":true,"href":"https:\/\/cinema.family-steiner.com\/index.php?rest_route=%2Fwp%2Fv2%2Fcomments&post=216"}],"version-history":[{"count":9,"href":"https:\/\/cinema.family-steiner.com\/index.php?rest_route=\/wp\/v2\/pages\/216\/revisions"}],"predecessor-version":[{"id":704,"href":"https:\/\/cinema.family-steiner.com\/index.php?rest_route=\/wp\/v2\/pages\/216\/revisions\/704"}],"up":[{"embeddable":true,"href":"https:\/\/cinema.family-steiner.com\/index.php?rest_route=\/wp\/v2\/pages\/87"}],"wp:attachment":[{"href":"https:\/\/cinema.family-steiner.com\/index.php?rest_route=%2Fwp%2Fv2%2Fmedia&parent=216"}],"curies":[{"name":"wp","href":"https:\/\/api.w.org\/{rel}","templated":true}]}}